{"id":100660,"date":"2024-09-24T09:37:40","date_gmt":"2024-09-24T09:37:40","guid":{"rendered":"https:\/\/moto-oprema.com\/Artikel\/alpinestars-stella-st-1-wp-jakna-schwarz\/"},"modified":"2024-09-24T09:37:40","modified_gmt":"2024-09-24T09:37:40","slug":"alpinestars-stella-st-1-wp-jakna-schwarz","status":"publish","type":"product","link":"https:\/\/moto-oprema.com\/de\/Artikel\/alpinestars-stella-st-1-wp-jakna-schwarz\/","title":{"rendered":"ALPINESTARS STELLA ST-1 WP JAKNA SCHWARZ"},"content":{"rendered":"<div id=\"tw-target-text-container\" class=\"tw-ta-container tw-nfl\">\n<p id=\"tw-target-text\" class=\"tw-data-text tw-text-large tw-ta\" dir=\"ltr\" style=\"text-align: left\">Die Stella ST-1 WP Jacke wurde f\u00fcr Fahrerinnen entwickelt, die die Vorteile einer wasserdichten Allwetter-Konstruktion nutzen m\u00f6chten. Sie ist f\u00fcr ergonomische Bewegungsfreiheit konzipiert und verf\u00fcgt \u00fcber ein herausnehmbares Thermofutter.<br \/>\nDie ST-1 WP Jacket bietet modernen Stil und \u00fcberragenden Komfort f\u00fcr Fahrer, insbesondere bei nassen Bedingungen. In Kombination mit der ST-1 WP Pants wird sie zum perfekten Allwetter-Accessoire f\u00fcr Stra\u00dfentouren.<br \/>\nDas feste, wasserdichte Futter sorgt f\u00fcr Leistung bei nassem Wetter.<br \/>\nDie vorderen, bel\u00fcfteten Eins\u00e4tze auf der Brust sorgen f\u00fcr einen k\u00fchlenden Luftstrom, da das Bel\u00fcftungssystem der Jacke eine gr\u00f6\u00dfere Oberfl\u00e4che f\u00fcr den Luftaustausch bietet, was die Atmungsaktivit\u00e4t verbessert und optimalen Fahrkomfort bietet.<br \/>\nEin neu definiertes, modernes Schulterdesign mit stilvollem Alpinestars-Branding verleiht der Jacke einen von Abenteuertouren inspirierten Look.<br \/>\nDie ST-1 WP Jacke hat eine bequeme Passform mit vorgeformten Schultern und ergonomischen Ellbogen f\u00fcr hervorragende Bewegungsfreiheit.<br \/>\nErgonomische, schlank gestaltete Cargotaschen mit integrierter Verl\u00e4ngerung bieten zus\u00e4tzlichen Stauraum und sorgen f\u00fcr mehr Nutzen, Praktikabilit\u00e4t und einen modernen, stilvollen Look.<br \/>\nDas herausnehmbare Thermofutter, 80 g f\u00fcr den Rumpf und 80 g f\u00fcr die \u00c4rmel, kann in der ger\u00e4umigen unteren R\u00fcckentasche der Jacke verstaut werden und ist somit vielseitig einsetzbar.<br \/>\nVorbereitet f\u00fcr das Tech-Air\u00ae System,<br \/>\nfester WP-Liner f\u00fcr garantierte Leistung in Wasserstra\u00dfen.<br \/>\nNucieon Flex Plus Ellbogen- und Schulterpanzer mit CE Level 1 Bewertung f\u00fcr effektiven Aufprallschutz.<br \/>\nGem\u00e4\u00df der europ\u00e4ischen Gesetzgebung ist die CE-Kennzeichnung eine Konformit\u00e4tsbedingung f\u00fcr die Vermarktung dieses Produkts.<br \/>\nDie folgenden Normen gelten f\u00fcr dieses Produkt:<br \/>\nVollst\u00e4ndig CE-zertifizierte Motorradbekleidung<br \/>\n&#8211; Kategorie II EN 17092-4:2020<\/p>\n<p>Zusammensetzung des Rohmaterials<\/p>\n<p>100% Polyester<\/p>\n<\/div>\n<div id=\"z6maec\" class=\"tw-ta-container tw-nfl\"><\/div>\n","protected":false},"excerpt":{"rendered":"<p>Farbe: Schwarz<\/p>\n","protected":false},"featured_media":30877,"comment_status":"open","ping_status":"open","template":"","meta":{"_acf_changed":false},"brand":[2111],"gender":[],"product_brand":[],"product_cat":[1357,2045,2048],"product_tag":[],"class_list":{"0":"post-100660","1":"product","2":"type-product","3":"status-publish","4":"has-post-thumbnail","6":"brand-alpinestars-de","7":"product_cat-ausrustung-fur-motorradfahrer","8":"product_cat-jakne-de","9":"product_cat-textil-jacken","10":"pa_size-l-de","11":"pa_size-m-de","12":"pa_size-s-de","13":"pa_size-xl-de","14":"pa_size-xs-de","16":"first","17":"instock","18":"sale","19":"taxable","20":"shipping-taxable","21":"purchasable","22":"product-type-variable"},"acf":[],"_links":{"self":[{"href":"https:\/\/moto-oprema.com\/de\/wp-json\/wp\/v2\/product\/100660","targetHints":{"allow":["GET"]}}],"collection":[{"href":"https:\/\/moto-oprema.com\/de\/wp-json\/wp\/v2\/product"}],"about":[{"href":"https:\/\/moto-oprema.com\/de\/wp-json\/wp\/v2\/types\/product"}],"replies":[{"embeddable":true,"href":"https:\/\/moto-oprema.com\/de\/wp-json\/wp\/v2\/comments?post=100660"}],"wp:featuredmedia":[{"embeddable":true,"href":"https:\/\/moto-oprema.com\/de\/wp-json\/wp\/v2\/media\/30877"}],"wp:attachment":[{"href":"https:\/\/moto-oprema.com\/de\/wp-json\/wp\/v2\/media?parent=100660"}],"wp:term":[{"taxonomy":"brand","embeddable":true,"href":"https:\/\/moto-oprema.com\/de\/wp-json\/wp\/v2\/brand?post=100660"},{"taxonomy":"gender","embeddable":true,"href":"https:\/\/moto-oprema.com\/de\/wp-json\/wp\/v2\/gender?post=100660"},{"taxonomy":"product_brand","embeddable":true,"href":"https:\/\/moto-oprema.com\/de\/wp-json\/wp\/v2\/product_brand?post=100660"},{"taxonomy":"product_cat","embeddable":true,"href":"https:\/\/moto-oprema.com\/de\/wp-json\/wp\/v2\/product_cat?post=100660"},{"taxonomy":"product_tag","embeddable":true,"href":"https:\/\/moto-oprema.com\/de\/wp-json\/wp\/v2\/product_tag?post=100660"}],"curies":[{"name":"wp","href":"https:\/\/api.w.org\/{rel}","templated":true}]}}