{"id":100633,"date":"2024-09-25T08:16:06","date_gmt":"2024-09-25T08:16:06","guid":{"rendered":"https:\/\/moto-oprema.com\/Artikel\/alpinestars-tech-3-enduro-wp-schwarz-weiss\/"},"modified":"2024-09-25T08:16:06","modified_gmt":"2024-09-25T08:16:06","slug":"alpinestars-tech-3-enduro-wp-schwarz-weiss","status":"publish","type":"product","link":"https:\/\/moto-oprema.com\/de\/Artikel\/alpinestars-tech-3-enduro-wp-schwarz-weiss\/","title":{"rendered":"ALPINESTARS TECH 3 ENDURO WP SCHWARZ WEISS"},"content":{"rendered":"<p>Die Alpinestars Enduro Tech 3 Waterproof Boots wurden f\u00fcr jedes Gel\u00e4nde entwickelt und sind extrem vielseitig. Sie bieten erstklassigen Schutz f\u00fcr eine sportlichere Fahrt im Offroad-Gel\u00e4nde. Die speziell entwickelte Au\u00dfensohle gibt Ihnen den zus\u00e4tzlichen Grip und die Haltbarkeit, die Enduro- und ATV-Fahrer brauchen.  <\/p>\n<p>Eigenschaften: Obermaterial aus Action Leather f\u00fcr verbesserte Haltbarkeit und Abriebfestigkeit.<br \/>\n&#8211; Das fortschrittliche, vom Tech 10 inspirierte Verschlusssystem verf\u00fcgt \u00fcber starke Techno-Polymer-Schnallen f\u00fcr eine einfache Verstellbarkeit mit einer pr\u00e4zisen, sicheren und stromlinienf\u00f6rmigen Passform.<br \/>\n&#8211; Umfassende Unterst\u00fctzung und Sicherheit, die in die \u00e4u\u00dfere und innere Struktur des Stiefels integriert sind, minimieren die seitliche Biegung und das Risiko einer \u00dcberdehnung.<br \/>\n&#8211; Verst\u00e4rkte Lederplatte auf der R\u00fcckseite des Stiefels f\u00fcr zus\u00e4tzlichen Halt und Schutz.<br \/>\n&#8211; Die speziell entwickelte Sohle bietet ATV- und Endurofahrern \u00fcberlegene Strapazierf\u00e4higkeit, Grip, Gef\u00fchl und ein hohes Ma\u00df an struktureller Steifigkeit.<br \/>\n&#8211; Die antibakterielle Innensohle sorgt f\u00fcr zus\u00e4tzlichen Halt und verbesserten Komfort.<br \/>\n&#8211; Gespritztes Hochmodul-PU mit einem Profil, das ein hohes Ma\u00df an Sto\u00df- und Abriebfestigkeit bietet.<br \/>\n&#8211; Die Oberseite des Stiefels ist mit einem Klettverschluss und dehnbarem PVC-beschichtetem Gewebe verschlossen.<br \/>\n&#8211; Die verl\u00e4ngerte Gamasche verhindert das Eindringen von Wasser und Schmutz in den Stiefel.<br \/>\n&#8211; Das herausnehmbare anatomische Fu\u00dfbett sorgt f\u00fcr eine bequemere Haltung des Fu\u00dfes beim Fahren.<br \/>\n&#8211; Der Tech 3 All Terrain Boot ist CE-zertifiziert.<\/p>\n<p>Zusammensetzung des Rohmaterials: Action Leder<\/p>\n","protected":false},"excerpt":{"rendered":"<p>Der Alpinestars Enduro Tech 3 Stiefel ist f\u00fcr jedes Terrain geeignet und extrem vielseitig.<\/p>\n","protected":false},"featured_media":30914,"comment_status":"open","ping_status":"open","template":"","meta":{"_acf_changed":false},"brand":[2111],"gender":[],"product_brand":[],"product_cat":[2028,2244],"product_tag":[],"class_list":{"0":"post-100633","1":"product","2":"type-product","3":"status-publish","4":"has-post-thumbnail","6":"brand-alpinestars-de","7":"product_cat-motocross-ausrustung","8":"product_cat-mx-stiefel","9":"pa_size-10445-de","10":"pa_size-11455-de","11":"pa_size-12-46-47-de","12":"pa_size-1348-de","13":"pa_size-14495-de","14":"pa_size-538-de","15":"pa_size-639-de","16":"pa_size-7405-de","17":"pa_size-842-de","18":"pa_size-943-de","20":"first","21":"instock","22":"sale","23":"taxable","24":"shipping-taxable","25":"purchasable","26":"product-type-variable"},"acf":[],"_links":{"self":[{"href":"https:\/\/moto-oprema.com\/de\/wp-json\/wp\/v2\/product\/100633","targetHints":{"allow":["GET"]}}],"collection":[{"href":"https:\/\/moto-oprema.com\/de\/wp-json\/wp\/v2\/product"}],"about":[{"href":"https:\/\/moto-oprema.com\/de\/wp-json\/wp\/v2\/types\/product"}],"replies":[{"embeddable":true,"href":"https:\/\/moto-oprema.com\/de\/wp-json\/wp\/v2\/comments?post=100633"}],"wp:featuredmedia":[{"embeddable":true,"href":"https:\/\/moto-oprema.com\/de\/wp-json\/wp\/v2\/media\/30914"}],"wp:attachment":[{"href":"https:\/\/moto-oprema.com\/de\/wp-json\/wp\/v2\/media?parent=100633"}],"wp:term":[{"taxonomy":"brand","embeddable":true,"href":"https:\/\/moto-oprema.com\/de\/wp-json\/wp\/v2\/brand?post=100633"},{"taxonomy":"gender","embeddable":true,"href":"https:\/\/moto-oprema.com\/de\/wp-json\/wp\/v2\/gender?post=100633"},{"taxonomy":"product_brand","embeddable":true,"href":"https:\/\/moto-oprema.com\/de\/wp-json\/wp\/v2\/product_brand?post=100633"},{"taxonomy":"product_cat","embeddable":true,"href":"https:\/\/moto-oprema.com\/de\/wp-json\/wp\/v2\/product_cat?post=100633"},{"taxonomy":"product_tag","embeddable":true,"href":"https:\/\/moto-oprema.com\/de\/wp-json\/wp\/v2\/product_tag?post=100633"}],"curies":[{"name":"wp","href":"https:\/\/api.w.org\/{rel}","templated":true}]}}