{"id":100311,"date":"2024-09-04T07:23:55","date_gmt":"2024-09-04T07:23:55","guid":{"rendered":"https:\/\/moto-oprema.com\/Artikel\/oakley-all-mountain-d3o-ellbogenschuetzer\/"},"modified":"2024-09-04T07:23:55","modified_gmt":"2024-09-04T07:23:55","slug":"oakley-all-mountain-d3o-ellbogenschuetzer","status":"publish","type":"product","link":"https:\/\/moto-oprema.com\/de\/Artikel\/oakley-all-mountain-d3o-ellbogenschuetzer\/","title":{"rendered":"OAKLEY ALL MOUNTAIN D3O ELLBOGENSCH\u00dcTZER"},"content":{"rendered":"<div class=\"rte\">\n<div id=\"collapse1One\" class=\"accordion-body collapse in\">\n<div class=\"field field-name-body field-type-text-with-summary field-label-hidden\">\n<div class=\"field-items\">\n<div class=\"field-item even\">\n<p>Der brandneue OAKLEY All Mountain D3O\u00ae Ellbogenschoner ist so leicht und atmungsaktiv, dass Sie vergessen werden, dass Sie ihn auf dem Fahrrad tragen. Ganz gleich, bei welcher Sportart Sie Ihre Ellbogen sch\u00fctzen m\u00f6chten &#8211; dieser minimal konturierte Ellbogensch\u00fctzer aus dehnbarem, abriebfestem Cordura\u00ae-Gewebe mit herausnehmbaren D3O\u00ae GHOST\u2122 Level 1-Pads bietet besten Tragekomfort und maximalen Aufprallschutz. Der elastische Riemen und das rutschfeste Silikonband mit dem Oakley-Logo halten den Protektor sicher an seinem Platz. Das kultige OAKLEY Ellipse-Logo auf der Vorderseite sorgt f\u00fcr den n\u00f6tigen Stil.   <\/p>\n<p>87 % Polyester, 13 % Elasthan. EN1621 L1 CE-Zertifikat <\/p>\n<\/div>\n<\/div>\n<\/div>\n<\/div>\n<\/div>\n","protected":false},"excerpt":{"rendered":"<p>Der brandneue OAKLEY All Mountain D3O\u00ae Ellbogenschoner ist so leicht und atmungsaktiv, dass Sie vergessen werden,&#8230;<\/p>\n","protected":false},"featured_media":29878,"comment_status":"open","ping_status":"closed","template":"","meta":{"_acf_changed":false},"brand":[2181],"gender":[],"product_brand":[],"product_cat":[2075,2081,2076],"product_tag":[],"class_list":{"0":"post-100311","1":"product","2":"type-product","3":"status-publish","4":"has-post-thumbnail","6":"brand-oakley-de","7":"product_cat-mtb-radfahren-ausrustung","8":"product_cat-mtb-ellenbogenschoner","9":"product_cat-mtb-schilder","10":"pa_size-l-de","11":"pa_size-m-de","12":"pa_size-s-de","13":"pa_size-xl-de","14":"pa_size-xs-de","16":"first","17":"instock","18":"sale","19":"taxable","20":"shipping-taxable","21":"purchasable","22":"product-type-variable"},"acf":[],"_links":{"self":[{"href":"https:\/\/moto-oprema.com\/de\/wp-json\/wp\/v2\/product\/100311","targetHints":{"allow":["GET"]}}],"collection":[{"href":"https:\/\/moto-oprema.com\/de\/wp-json\/wp\/v2\/product"}],"about":[{"href":"https:\/\/moto-oprema.com\/de\/wp-json\/wp\/v2\/types\/product"}],"replies":[{"embeddable":true,"href":"https:\/\/moto-oprema.com\/de\/wp-json\/wp\/v2\/comments?post=100311"}],"wp:featuredmedia":[{"embeddable":true,"href":"https:\/\/moto-oprema.com\/de\/wp-json\/wp\/v2\/media\/29878"}],"wp:attachment":[{"href":"https:\/\/moto-oprema.com\/de\/wp-json\/wp\/v2\/media?parent=100311"}],"wp:term":[{"taxonomy":"brand","embeddable":true,"href":"https:\/\/moto-oprema.com\/de\/wp-json\/wp\/v2\/brand?post=100311"},{"taxonomy":"gender","embeddable":true,"href":"https:\/\/moto-oprema.com\/de\/wp-json\/wp\/v2\/gender?post=100311"},{"taxonomy":"product_brand","embeddable":true,"href":"https:\/\/moto-oprema.com\/de\/wp-json\/wp\/v2\/product_brand?post=100311"},{"taxonomy":"product_cat","embeddable":true,"href":"https:\/\/moto-oprema.com\/de\/wp-json\/wp\/v2\/product_cat?post=100311"},{"taxonomy":"product_tag","embeddable":true,"href":"https:\/\/moto-oprema.com\/de\/wp-json\/wp\/v2\/product_tag?post=100311"}],"curies":[{"name":"wp","href":"https:\/\/api.w.org\/{rel}","templated":true}]}}