{"id":100280,"date":"2024-11-21T10:30:05","date_gmt":"2024-11-21T10:30:05","guid":{"rendered":"https:\/\/moto-oprema.com\/Artikel\/leatt-adv-flowtour-7-5-stealth-hose\/"},"modified":"2024-11-21T10:30:05","modified_gmt":"2024-11-21T10:30:05","slug":"leatt-adv-flowtour-7-5-stealth-hose","status":"publish","type":"product","link":"https:\/\/moto-oprema.com\/de\/Artikel\/leatt-adv-flowtour-7-5-stealth-hose\/","title":{"rendered":"LEATT ADV FLOWTOUR 7.5 STEALTH HOSE"},"content":{"rendered":"<p>Die Leatt ADV FlowTour 7.5 Pants bietet optimale Atmungsaktivit\u00e4t, Wasserdichtigkeit und Aufprallschutz. Dank der leichten, herausnehmbaren Hydradri MAX Schicht kann sie auf zwei verschiedene Arten getragen werden. So k\u00f6nnen Sie sie als komplettes oder individuelles Set tragen, je nach Vorliebe und Wetterbedingungen. Das Au\u00dfenmaterial besteht aus strapazierf\u00e4higem Ripstop-Gewebe mit gro\u00dfen Mesh-Eins\u00e4tzen an den Oberschenkeln, die f\u00fcr eine konstante Luftzirkulation sorgen. Der hintere Verbindungsrei\u00dfverschluss zur Integration der Jacke ist besonders praktisch bei nassem Wetter.    <\/p>\n<p>Die FlowTour 7.5 Hose ist mit Leatt 3DF Knie- und H\u00fcftprotektoren ausgestattet, um vollst\u00e4ndigen Schutz und Sicherheit auf Ihren Erkundungstouren zu gew\u00e4hrleisten. Gro\u00dfe wasserdichte Cargotaschen und zus\u00e4tzliche Handw\u00e4rmertaschen an den H\u00fcften bieten viel Stauraum f\u00fcr kleinere Gegenst\u00e4nde. Weiche und dennoch strapazierf\u00e4hige Ledereins\u00e4tze an den Knien sorgen f\u00fcr hervorragenden Halt auf dem Fahrrad und verbessern Ihr Fahrgef\u00fchl.<\/p>\n","protected":false},"excerpt":{"rendered":"<p>Die Leatt ADV FlowTour 7.5 Pants bietet optimale Atmungsaktivit\u00e4t, Wasserdichtigkeit und Aufprallschutz. Dank der leichten, herausnehmbaren&#8230;<\/p>\n","protected":false},"featured_media":100287,"comment_status":"open","ping_status":"closed","template":"","meta":{"_acf_changed":false},"brand":[2121],"gender":[2168],"product_brand":[],"product_cat":[1357,2189,2211],"product_tag":[],"class_list":{"0":"post-100280","1":"product","2":"type-product","3":"status-publish","4":"has-post-thumbnail","6":"brand-leatt-de","7":"gender-moski-de","8":"product_cat-ausrustung-fur-motorradfahrer","9":"product_cat-hose","10":"product_cat-textil-hose","11":"pa_size-2xl-de","12":"pa_size-3xl-de","13":"pa_size-l-de","14":"pa_size-m-de","15":"pa_size-s-de","16":"pa_size-xl-de","18":"first","19":"instock","20":"sale","21":"taxable","22":"shipping-taxable","23":"purchasable","24":"product-type-variable"},"acf":[],"_links":{"self":[{"href":"https:\/\/moto-oprema.com\/de\/wp-json\/wp\/v2\/product\/100280","targetHints":{"allow":["GET"]}}],"collection":[{"href":"https:\/\/moto-oprema.com\/de\/wp-json\/wp\/v2\/product"}],"about":[{"href":"https:\/\/moto-oprema.com\/de\/wp-json\/wp\/v2\/types\/product"}],"replies":[{"embeddable":true,"href":"https:\/\/moto-oprema.com\/de\/wp-json\/wp\/v2\/comments?post=100280"}],"wp:featuredmedia":[{"embeddable":true,"href":"https:\/\/moto-oprema.com\/de\/wp-json\/wp\/v2\/media\/100287"}],"wp:attachment":[{"href":"https:\/\/moto-oprema.com\/de\/wp-json\/wp\/v2\/media?parent=100280"}],"wp:term":[{"taxonomy":"brand","embeddable":true,"href":"https:\/\/moto-oprema.com\/de\/wp-json\/wp\/v2\/brand?post=100280"},{"taxonomy":"gender","embeddable":true,"href":"https:\/\/moto-oprema.com\/de\/wp-json\/wp\/v2\/gender?post=100280"},{"taxonomy":"product_brand","embeddable":true,"href":"https:\/\/moto-oprema.com\/de\/wp-json\/wp\/v2\/product_brand?post=100280"},{"taxonomy":"product_cat","embeddable":true,"href":"https:\/\/moto-oprema.com\/de\/wp-json\/wp\/v2\/product_cat?post=100280"},{"taxonomy":"product_tag","embeddable":true,"href":"https:\/\/moto-oprema.com\/de\/wp-json\/wp\/v2\/product_tag?post=100280"}],"curies":[{"name":"wp","href":"https:\/\/api.w.org\/{rel}","templated":true}]}}