{"id":100194,"date":"2024-10-18T08:52:36","date_gmt":"2024-10-18T08:52:36","guid":{"rendered":"https:\/\/moto-oprema.com\/Artikel\/dainese-springbok-3l-absoluteshell-tarmac-jacke\/"},"modified":"2024-10-18T08:52:36","modified_gmt":"2024-10-18T08:52:36","slug":"dainese-springbok-3l-absoluteshell-tarmac-jacke","status":"publish","type":"product","link":"https:\/\/moto-oprema.com\/de\/Artikel\/dainese-springbok-3l-absoluteshell-tarmac-jacke\/","title":{"rendered":"DAINESE SPRINGBOK 3L ABSOLUTESHELL\u2122 TARMAC JACKE"},"content":{"rendered":"<p>Dreilagige wasserdichte Abenteuer-Tourenjacke. Optimiert f\u00fcr den Einsatz in vier Jahreszeiten. Weiche Level 2 Pro Armor Schulter- und Ellbogenpolster.<br \/>\nSPRINGBOK 3L ABSOLUTESHELL\u2122 JACKET ist eine dreilagige, wasserdichte Jacke f\u00fcr vier Jahreszeiten, die f\u00fcr lange Stra\u00dfen- und Gel\u00e4ndetouren entwickelt wurde. Die drei Schichten, aus denen die Jacke besteht &#8211; die \u00e4u\u00dfere H\u00fclle, das herausnehmbare, wasserdichte Absoluteshell\u2122-Futter und die gepolsterte Thermoschicht &#8211; bieten au\u00dfergew\u00f6hnliche Funktionalit\u00e4t und Vielseitigkeit, so dass die Springbok 3L das ganze Jahr \u00fcber verwendet werden kann. Maximaler Fahr- und Bewegungskomfort wird durch das dehnbare Mugello-Gewebe gew\u00e4hrleistet, w\u00e4hrend Pro Armor Level 2-Polster an den Schultern und Ellbogen ein hohes Ma\u00df an Sicherheit und Schutz bieten. Die SPRINGBOK 3L ABSOLUTESHELL\u2122 Jacke verf\u00fcgt \u00fcber verst\u00e4rkte Eins\u00e4tze an den Schultern und Ellbogen aus weichem Wildleder, die f\u00fcr R\u00fcckenprotektoren und G-Typ-Brustprotektoren geeignet sind. Dieses funktionelle und stilvolle Detail nimmt mit der Zeit einzigartige Farbt\u00f6ne an, ein Begleiter in der Geschichte und den Abenteuern der Jacke und ihres Tr\u00e4gers. Gro\u00dfe Bel\u00fcftungspaneele, die sich mit einer Hand \u00f6ffnen lassen, passen sich jedem Wetter und jeder Vorliebe an. 4 gro\u00dfe Au\u00dfentaschen &#8211; 2 Front- und 2 Cargotaschen, von denen eine aus Mesh besteht und auch mit einer Hand leicht zu erreichen ist &#8211; bieten reichlich Platz, um alles, was Sie auf Ihrer Reise brauchen, immer griffbereit zu haben. Die SPRINGBOK 3L ABSOLUTESHELL\u2122 verf\u00fcgt \u00fcber ein innovatives integriertes Magic Connection\u2122 System mit einem Paar Magneten, einem in der Jacke und einem in den Spezialhandschuhen, die es dem Fahrer erm\u00f6glichen, die Handschuhe auszuziehen und sie dann an den Unterarmen zu befestigen, wenn er nicht f\u00e4hrt.         <\/p>\n<p>FEATURES<\/p>\n<ul>\n<li>  1 Innentasche<\/li>\n<li>  1 Tasche auf dem Thermofutter<\/li>\n<li>  Elastische Netztasche<\/li>\n<li>  Magic Connection\u2122 System<\/li>\n<li>  externe wasserdichte Tasche<\/li>\n<li>  R\u00fcckenschutztasche G1 und G2<\/li>\n<li>  Pro-Armor Brusttaschen 2 St\u00fcck<\/li>\n<li>  Reflektierende Eins\u00e4tze<\/li>\n<\/ul>\n<p>ERGONOMIE<\/p>\n<ul>\n<li>  Verstellbarer Kragen, Taille und Manschetten<\/li>\n<li>  Jacke-Helm-Verschluss-System<\/li>\n<li>  Anpassen der \u00c4rmel<\/li>\n<\/ul>\n<p>HAUPTMATERIALIEN<\/p>\n<ul>\n<li>  ABS\u00d8LUTESHELL\u2122 abnehmbare Membran<\/li>\n<li>  Eins\u00e4tze aus Rinderveloursleder<\/li>\n<li>  Duratex\u2122 Gewebe<\/li>\n<li>  Mugello Stoff<\/li>\n<\/ul>\n<p>SICHERHEIT<\/p>\n<p>Pro-Armor Ellbogensch\u00fctzer zertifiziert nach EN 1621.1 Level 2<br \/>\nPro-Armor Schultersch\u00fctzer zertifiziert nach EN 1621.1 Level 2<\/p>\n<p>&nbsp;<\/p>\n","protected":false},"excerpt":{"rendered":"<p>Dreilagige wasserdichte Abenteuer-Tourenjacke. Optimiert f\u00fcr den Einsatz in vier Jahreszeiten. Weiche Level 2 Pro Armor Schulter-&#8230;<\/p>\n","protected":false},"featured_media":100211,"comment_status":"open","ping_status":"closed","template":"","meta":{"_acf_changed":false},"brand":[2113],"gender":[],"product_brand":[],"product_cat":[1357,2045,2048],"product_tag":[],"class_list":{"0":"post-100194","1":"product","2":"type-product","3":"status-publish","4":"has-post-thumbnail","6":"brand-dainese-de","7":"product_cat-ausrustung-fur-motorradfahrer","8":"product_cat-jakne-de","9":"product_cat-textil-jacken","10":"pa_size-48-de","11":"pa_size-50-de","12":"pa_size-52-de","13":"pa_size-54-de","14":"pa_size-56-de","15":"pa_size-58-de","16":"pa_size-60-de","17":"pa_size-62-de","19":"first","20":"onbackorder","21":"sale","22":"taxable","23":"shipping-taxable","24":"purchasable","25":"product-type-variable"},"acf":[],"_links":{"self":[{"href":"https:\/\/moto-oprema.com\/de\/wp-json\/wp\/v2\/product\/100194","targetHints":{"allow":["GET"]}}],"collection":[{"href":"https:\/\/moto-oprema.com\/de\/wp-json\/wp\/v2\/product"}],"about":[{"href":"https:\/\/moto-oprema.com\/de\/wp-json\/wp\/v2\/types\/product"}],"replies":[{"embeddable":true,"href":"https:\/\/moto-oprema.com\/de\/wp-json\/wp\/v2\/comments?post=100194"}],"wp:featuredmedia":[{"embeddable":true,"href":"https:\/\/moto-oprema.com\/de\/wp-json\/wp\/v2\/media\/100211"}],"wp:attachment":[{"href":"https:\/\/moto-oprema.com\/de\/wp-json\/wp\/v2\/media?parent=100194"}],"wp:term":[{"taxonomy":"brand","embeddable":true,"href":"https:\/\/moto-oprema.com\/de\/wp-json\/wp\/v2\/brand?post=100194"},{"taxonomy":"gender","embeddable":true,"href":"https:\/\/moto-oprema.com\/de\/wp-json\/wp\/v2\/gender?post=100194"},{"taxonomy":"product_brand","embeddable":true,"href":"https:\/\/moto-oprema.com\/de\/wp-json\/wp\/v2\/product_brand?post=100194"},{"taxonomy":"product_cat","embeddable":true,"href":"https:\/\/moto-oprema.com\/de\/wp-json\/wp\/v2\/product_cat?post=100194"},{"taxonomy":"product_tag","embeddable":true,"href":"https:\/\/moto-oprema.com\/de\/wp-json\/wp\/v2\/product_tag?post=100194"}],"curies":[{"name":"wp","href":"https:\/\/api.w.org\/{rel}","templated":true}]}}