{"id":100114,"date":"2024-10-17T07:04:33","date_gmt":"2024-10-17T07:04:33","guid":{"rendered":"https:\/\/moto-oprema.com\/Artikel\/alpinestars-austral-gtx-schuhe-schwarz\/"},"modified":"2024-10-17T07:04:33","modified_gmt":"2024-10-17T07:04:33","slug":"alpinestars-austral-gtx-schuhe-schwarz","status":"publish","type":"product","link":"https:\/\/moto-oprema.com\/de\/Artikel\/alpinestars-austral-gtx-schuhe-schwarz\/","title":{"rendered":"ALPINESTARS AUSTRAL GTX SCHUHE SCHWARZ"},"content":{"rendered":"<p>Die Austral Gore-Tex Touring Boots mit ihrem stromlinienf\u00f6rmigen High-Top-Design bieten \u00fcberragenden Komfort und eine hervorragende Passform in einem stilvollen Design, w\u00e4hrend die wasserdichte Gore-Tex-Membran f\u00fcr hervorragende Leistung bei nassem Wetter sorgt. Mit einem Schn\u00fcrverschluss und einem breiten Einstiegssystem ist dieser Schuh wie geschaffen f\u00fcr gro\u00dfartige Leistungen auf und neben dem Rad.<br \/>\nDas Gore-Tex-Futter bietet bew\u00e4hrte Leistung bei allen Wetterbedingungen, da es wasserdicht und gleichzeitig hoch atmungsaktiv ist.<br \/>\nPrimaLoft ist strategisch zwischen dem Obermaterial und dem Futter platziert, um ein optimales Ma\u00df an Isolierung im Vorfu\u00df- und Zehenbereich zu gew\u00e4hrleisten.<br \/>\nDie Gummilaufsohle besteht aus einer speziellen Mischung, die f\u00fcr strukturierten Grip und hervorragende D\u00e4mpfung sorgt, und hat eine eingebaute St\u00fctzstrebe f\u00fcr erh\u00f6hte Sohlensteifigkeit.<br \/>\nDas sportliche Sohlendesign umfasst eine hochflexible Innenstruktur (strapazierf\u00e4hige Einlegesohle) f\u00fcr \u00fcberragenden Laufkomfort.<br \/>\nDie Kn\u00f6chelprotektoren mit doppelter Dichte sind strategisch zwischen dem Obermaterial und dem gepolsterten Futter platziert und bieten strategischen Schutz in den wichtigsten Bereichen.<br \/>\nDie TPU-Fersenkonstruktion bietet Aufprallschutz in einem kritischen Bereich und bietet gleichzeitig zus\u00e4tzlichen Halt und Sicherheit.<br \/>\nStrategisch gen\u00e4hte Verst\u00e4rkungen im Zehenbereich sind unter dem Obermaterial angebracht und sorgen f\u00fcr ein schlankes und ergonomisches Design.<br \/>\nDer Austral Gore-Tex Touring Shoe ist CE-zertifiziert gem\u00e4\u00df EN 13634:2017.<\/p>\n","protected":false},"excerpt":{"rendered":"<p>Die Austral Gore-Tex Touring Boots mit ihrem stromlinienf\u00f6rmigen High-Top-Design bieten \u00fcberragenden Komfort und eine hervorragende Passform&#8230;<\/p>\n","protected":false},"featured_media":31421,"comment_status":"open","ping_status":"closed","template":"","meta":{"_acf_changed":false},"brand":[2111],"gender":[],"product_brand":[],"product_cat":[1357,2043,2049],"product_tag":[],"class_list":{"0":"post-100114","1":"product","2":"type-product","3":"status-publish","4":"has-post-thumbnail","6":"brand-alpinestars-de","7":"product_cat-ausrustung-fur-motorradfahrer","8":"product_cat-schuhe","9":"product_cat-touring-schuhe","10":"pa_velikost-skornji-us-10-543-5-de","11":"pa_velikost-skornji-us-1043-de","12":"pa_velikost-skornji-us-11-545-de","13":"pa_velikost-skornji-us-1144-de","14":"pa_velikost-skornji-us-12-546-de","15":"pa_velikost-skornji-us-1245-5-de","16":"pa_velikost-skornji-us-13-547-5-de","17":"pa_velikost-skornji-us-1347-de","18":"pa_velikost-skornji-us-6-538-5-de","19":"pa_velikost-skornji-us-638-de","20":"pa_velikost-skornji-us-7-540-de","21":"pa_velikost-skornji-us-739-de","22":"pa_velikost-skornji-us-8-541-de","23":"pa_velikost-skornji-us-840-5-de","24":"pa_velikost-skornji-us-9-542-5-de","25":"pa_velikost-skornji-us-942-de","27":"first","28":"instock","29":"sale","30":"taxable","31":"shipping-taxable","32":"purchasable","33":"product-type-variable"},"acf":[],"_links":{"self":[{"href":"https:\/\/moto-oprema.com\/de\/wp-json\/wp\/v2\/product\/100114","targetHints":{"allow":["GET"]}}],"collection":[{"href":"https:\/\/moto-oprema.com\/de\/wp-json\/wp\/v2\/product"}],"about":[{"href":"https:\/\/moto-oprema.com\/de\/wp-json\/wp\/v2\/types\/product"}],"replies":[{"embeddable":true,"href":"https:\/\/moto-oprema.com\/de\/wp-json\/wp\/v2\/comments?post=100114"}],"wp:featuredmedia":[{"embeddable":true,"href":"https:\/\/moto-oprema.com\/de\/wp-json\/wp\/v2\/media\/31421"}],"wp:attachment":[{"href":"https:\/\/moto-oprema.com\/de\/wp-json\/wp\/v2\/media?parent=100114"}],"wp:term":[{"taxonomy":"brand","embeddable":true,"href":"https:\/\/moto-oprema.com\/de\/wp-json\/wp\/v2\/brand?post=100114"},{"taxonomy":"gender","embeddable":true,"href":"https:\/\/moto-oprema.com\/de\/wp-json\/wp\/v2\/gender?post=100114"},{"taxonomy":"product_brand","embeddable":true,"href":"https:\/\/moto-oprema.com\/de\/wp-json\/wp\/v2\/product_brand?post=100114"},{"taxonomy":"product_cat","embeddable":true,"href":"https:\/\/moto-oprema.com\/de\/wp-json\/wp\/v2\/product_cat?post=100114"},{"taxonomy":"product_tag","embeddable":true,"href":"https:\/\/moto-oprema.com\/de\/wp-json\/wp\/v2\/product_tag?post=100114"}],"curies":[{"name":"wp","href":"https:\/\/api.w.org\/{rel}","templated":true}]}}