{"id":100113,"date":"2024-10-17T10:19:49","date_gmt":"2024-10-17T10:19:49","guid":{"rendered":"https:\/\/moto-oprema.com\/Artikel\/pod-k8-3-0-carbon-kniehosentraeger-schwarz-weiss\/"},"modified":"2024-10-17T10:19:49","modified_gmt":"2024-10-17T10:19:49","slug":"pod-k8-3-0-carbon-kniehosentraeger-schwarz-weiss","status":"publish","type":"product","link":"https:\/\/moto-oprema.com\/de\/Artikel\/pod-k8-3-0-carbon-kniehosentraeger-schwarz-weiss\/","title":{"rendered":"POD K8 3.0 CARBON KNIEHOSENTR\u00c4GER SCHWARZ WEISS"},"content":{"rendered":"<p>Die brandneue K8 3.0 Carbon-Knieorthese &#8211; eine neue Innovation im Bereich Knieschutz!<\/p>\n<p>Der K8 3.0 Carbon Knee Brace ist eine Revolution in der Welt des Moto- und Actionsports.<br \/>\nwurde entwickelt, um unvergleichliche Unterst\u00fctzung und Schutz zu bieten. Verbessern Sie Ihre Leistung und meistern Sie jede Herausforderung mit dem ultimativen, fortschrittlichen Knieschutz!<br \/>\nDer \u00fcberragende Knieschutz umfasst einen geschmiedeten Karbonrahmen, einen revolution\u00e4ren verstellbaren unteren Rahmen und einen \u00fcberragenden Aufprallschutz der Stufe CE 2. <\/p>\n<p>Aufbauend auf dem Erfolg des hochgelobten K8 2.0 ist der K8 3.0 das Ergebnis von f\u00fcnf Jahren strenger Tests und Entwicklung. Dieses umfassende Redesign setzt neue Ma\u00dfst\u00e4be im Bereich des Knieschutzes und ist perfekt auf die dynamischen Bed\u00fcrfnisse von Athleten in den anspruchsvollsten Sportumgebungen abgestimmt. <\/p>\n<p>METALL-KARBON-RAHMEN<br \/>\nUnser exklusiver Prepreg-Verbundwerkstoff wird aus Lagen von Kohlefasern in Milit\u00e4rqualit\u00e4t hergestellt, die komprimiert, erhitzt und geformt werden, um die Festigkeit zu optimieren und das Gewicht zu reduzieren.<\/p>\n<p>ADAPTABLE BOTTOM<br \/>\nJede Fu\u00dfform ist anders und einzigartig. Das radikal fortschrittliche, patentierte Design des POD passt sich dem Unterschenkel an und f\u00e4ngt ihn ein, wodurch die M\u00f6glichkeit und Schwere von Verletzungen durch Rotationskr\u00e4fte (Verdrehungen) verringert wird. <\/p>\n<p>HUMAN MOTION \u00ae TRAINING<br \/>\nInspiriert vom menschlichen K\u00f6rper, nutzt unsere patentierte Technologie die Kraft synthetischer Verbindungen aus Vectran-Fasern (5 Mal st\u00e4rker als Stahl), um eine progressive, multidirektionale Bewegungskontrolle zu erm\u00f6glichen.<\/p>\n<p>IMPACT SYSTEM<br \/>\nDas klassenf\u00fchrende, vollfl\u00e4chige CE Level 2 Schutzsystem besteht aus einem patentierten, hochelastischen Polymer, das auf einen Aufprall reagiert, indem es die Kr\u00e4fte absorbiert und ableitet. <\/p>\n<p>ADAPTABLE MANCHET<br \/>\nErh\u00f6ht den Komfort, indem es sich an jede Gr\u00f6\u00dfe oder Form des Beins anpasst, sich den Muskelbewegungen anpasst und die Last verteilt, um das Risiko von Oberschenkelbr\u00fcchen zu verringern.<\/p>\n<p>HEX GRIP COMFORTABLE UNDERFLOOR<br \/>\nBietet einen besseren Halt, der die Bewegung des Korsetts einschr\u00e4nkt, reagiert auf W\u00e4rme und l\u00e4sst Luft um den Fu\u00df str\u00f6men und hilft dabei, Feuchtigkeit, Geruch und Bakterien zu reduzieren, um ein angenehmeres Tragegef\u00fchl zu gew\u00e4hrleisten.<\/p>\n","protected":false},"excerpt":{"rendered":"<p>Die brandneue K8 3.0 Carbon-Knieorthese &#8211; eine neue Innovation im Bereich Knieschutz! Der K8 3.0 Carbon&#8230;<\/p>\n","protected":false},"featured_media":31498,"comment_status":"open","ping_status":"open","template":"","meta":{"_acf_changed":false},"brand":[2338],"gender":[],"product_brand":[],"product_cat":[1357,2028],"product_tag":[],"class_list":{"0":"post-100113","1":"product","2":"type-product","3":"status-publish","4":"has-post-thumbnail","6":"brand-pod-de","7":"product_cat-ausrustung-fur-motorradfahrer","8":"product_cat-motocross-ausrustung","9":"pa_size-2xl-de","10":"pa_size-l-de","11":"pa_size-m-de","12":"pa_size-s-de","13":"pa_size-xl-de","15":"first","16":"instock","17":"sale","18":"taxable","19":"shipping-taxable","20":"purchasable","21":"product-type-variable"},"acf":[],"_links":{"self":[{"href":"https:\/\/moto-oprema.com\/de\/wp-json\/wp\/v2\/product\/100113","targetHints":{"allow":["GET"]}}],"collection":[{"href":"https:\/\/moto-oprema.com\/de\/wp-json\/wp\/v2\/product"}],"about":[{"href":"https:\/\/moto-oprema.com\/de\/wp-json\/wp\/v2\/types\/product"}],"replies":[{"embeddable":true,"href":"https:\/\/moto-oprema.com\/de\/wp-json\/wp\/v2\/comments?post=100113"}],"wp:featuredmedia":[{"embeddable":true,"href":"https:\/\/moto-oprema.com\/de\/wp-json\/wp\/v2\/media\/31498"}],"wp:attachment":[{"href":"https:\/\/moto-oprema.com\/de\/wp-json\/wp\/v2\/media?parent=100113"}],"wp:term":[{"taxonomy":"brand","embeddable":true,"href":"https:\/\/moto-oprema.com\/de\/wp-json\/wp\/v2\/brand?post=100113"},{"taxonomy":"gender","embeddable":true,"href":"https:\/\/moto-oprema.com\/de\/wp-json\/wp\/v2\/gender?post=100113"},{"taxonomy":"product_brand","embeddable":true,"href":"https:\/\/moto-oprema.com\/de\/wp-json\/wp\/v2\/product_brand?post=100113"},{"taxonomy":"product_cat","embeddable":true,"href":"https:\/\/moto-oprema.com\/de\/wp-json\/wp\/v2\/product_cat?post=100113"},{"taxonomy":"product_tag","embeddable":true,"href":"https:\/\/moto-oprema.com\/de\/wp-json\/wp\/v2\/product_tag?post=100113"}],"curies":[{"name":"wp","href":"https:\/\/api.w.org\/{rel}","templated":true}]}}