{"id":100076,"date":"2024-09-30T08:53:05","date_gmt":"2024-09-30T08:53:05","guid":{"rendered":"https:\/\/moto-oprema.com\/Artikel\/spidi-race-evo-h2out-tex-jacke-schwarz\/"},"modified":"2024-09-30T08:53:05","modified_gmt":"2024-09-30T08:53:05","slug":"spidi-race-evo-h2out-tex-jacke-schwarz","status":"publish","type":"product","link":"https:\/\/moto-oprema.com\/de\/Artikel\/spidi-race-evo-h2out-tex-jacke-schwarz\/","title":{"rendered":"SPIDI RACE-EVO H2OUT TEX JACKE SCHWARZ"},"content":{"rendered":"<p>Die SPIDI Race-Evo H2OUT Jacke ist die ideale Wahl f\u00fcr sportliche Fahrer, die den bestm\u00f6glichen Schutz in einer komfortablen Jacke mit renntauglichem Look suchen. Als zus\u00e4tzlichen Bonus verf\u00fcgt die Race-Evo H2OUT Jacke \u00fcber eine wasserdichte Membran und ein herausnehmbares Thermofutter mit 100 g Isolierung, was sie zu einer echten 3-Jahreszeiten-Motorradjacke macht. <\/p>\n<p>Die Konstruktion der Race-Evo H2Out Jacket besteht aus hochfestem Polyester f\u00fcr hervorragende Abriebfestigkeit und sorgf\u00e4ltig platzierten 3M\u00ae-Reflexzonen, die Sie bei Nachtfahrten besser sichtbar machen. An den Handgelenken und an der Taille sind wasserabweisende Barrieren angebracht, damit Sie bei unerwarteten Regeng\u00fcssen trocken bleiben, und ein verstellbarer Bund sorgt f\u00fcr eine perfekte Passform. Sie verf\u00fcgt \u00fcber wasserdichte Au\u00dfen- und Innentaschen, damit Ihre Habseligkeiten trocken bleiben, und ein Verbindungsrei\u00dfverschluss zwischen Hose und Jacke sorgt f\u00fcr zus\u00e4tzliche Sicherheit.  <\/p>\n<p>Die Ausr\u00fcstung des Race-Evo H2OUT ist CE-zertifiziert nach EN 17092-3:2020 Klasse AA und umfasst CE-zertifizierte (EN 1621-1 Level 1) Schulter- (Warrior LIte) und Ellbogenpolster (Forcetech) sowie externe Warrior-Schulterpolster mit doppelter Dichte f\u00fcr zus\u00e4tzliche Sto\u00df- und Rei\u00dffestigkeit. Au\u00dferdem gibt es eine Innentasche mit Klettverschluss f\u00fcr die optionalen Warrior R\u00fcckenprotektoren, die separat erh\u00e4ltlich sind. <\/p>\n<p>100% Polyester<\/p>\n","protected":false},"excerpt":{"rendered":"<p>Die SPIDI Race-Evo H2OUT Jacke ist die ideale Wahl f\u00fcr sportliche Fahrer, die den bestm\u00f6glichen Schutz&#8230;<\/p>\n","protected":false},"featured_media":31117,"comment_status":"open","ping_status":"open","template":"","meta":{"_acf_changed":false},"brand":[2124],"gender":[2168],"product_brand":[],"product_cat":[1357,2045,2048],"product_tag":[],"class_list":{"0":"post-100076","1":"product","2":"type-product","3":"status-publish","4":"has-post-thumbnail","6":"brand-spidi-de","7":"gender-moski-de","8":"product_cat-ausrustung-fur-motorradfahrer","9":"product_cat-jakne-de","10":"product_cat-textil-jacken","11":"pa_size-2xl-de","12":"pa_size-3xl-de","13":"pa_size-4xl-de","14":"pa_size-l-de","15":"pa_size-m-de","16":"pa_size-s-de","17":"pa_size-xl-de","19":"first","20":"instock","21":"sale","22":"taxable","23":"shipping-taxable","24":"purchasable","25":"product-type-variable"},"acf":[],"_links":{"self":[{"href":"https:\/\/moto-oprema.com\/de\/wp-json\/wp\/v2\/product\/100076","targetHints":{"allow":["GET"]}}],"collection":[{"href":"https:\/\/moto-oprema.com\/de\/wp-json\/wp\/v2\/product"}],"about":[{"href":"https:\/\/moto-oprema.com\/de\/wp-json\/wp\/v2\/types\/product"}],"replies":[{"embeddable":true,"href":"https:\/\/moto-oprema.com\/de\/wp-json\/wp\/v2\/comments?post=100076"}],"wp:featuredmedia":[{"embeddable":true,"href":"https:\/\/moto-oprema.com\/de\/wp-json\/wp\/v2\/media\/31117"}],"wp:attachment":[{"href":"https:\/\/moto-oprema.com\/de\/wp-json\/wp\/v2\/media?parent=100076"}],"wp:term":[{"taxonomy":"brand","embeddable":true,"href":"https:\/\/moto-oprema.com\/de\/wp-json\/wp\/v2\/brand?post=100076"},{"taxonomy":"gender","embeddable":true,"href":"https:\/\/moto-oprema.com\/de\/wp-json\/wp\/v2\/gender?post=100076"},{"taxonomy":"product_brand","embeddable":true,"href":"https:\/\/moto-oprema.com\/de\/wp-json\/wp\/v2\/product_brand?post=100076"},{"taxonomy":"product_cat","embeddable":true,"href":"https:\/\/moto-oprema.com\/de\/wp-json\/wp\/v2\/product_cat?post=100076"},{"taxonomy":"product_tag","embeddable":true,"href":"https:\/\/moto-oprema.com\/de\/wp-json\/wp\/v2\/product_tag?post=100076"}],"curies":[{"name":"wp","href":"https:\/\/api.w.org\/{rel}","templated":true}]}}