{"id":100032,"date":"2024-09-30T07:35:38","date_gmt":"2024-09-30T07:35:38","guid":{"rendered":"https:\/\/moto-oprema.com\/Artikel\/alpinestars-mootant-wp-parka-schwarz-orange\/"},"modified":"2024-09-30T07:35:38","modified_gmt":"2024-09-30T07:35:38","slug":"alpinestars-mootant-wp-parka-schwarz-orange","status":"publish","type":"product","link":"https:\/\/moto-oprema.com\/de\/Artikel\/alpinestars-mootant-wp-parka-schwarz-orange\/","title":{"rendered":"ALPINESTARS MOOTANT WP PARKA SCHWARZ ORANGE"},"content":{"rendered":"<div id=\"tw-target-text-container\" class=\"tw-ta-container tw-nfl\">\n<p id=\"tw-target-text\" class=\"tw-data-text tw-text-large tw-ta\" dir=\"ltr\" style=\"text-align: left\">Basierend auf der AMT-Linie wurde die Mootant Ganzjahresparka auf der Grundlage der f\u00fcr die ADV-Touring-Kategorie typischen Nutzungs- und Funktionsanforderungen entworfen.<br \/>\nDie modular aufgebaute Mootant WP Park im ergonomischen und minimalistischen Milit\u00e4rstil kann in verschiedenen Konfigurationen umgestaltet werden, so dass Motorradfahrer ihren Stil frei zum Ausdruck bringen und bei allen Wetterbedingungen gesch\u00fctzt fahren k\u00f6nnen.<br \/>\nDie Modularit\u00e4t des Modells Mootant erm\u00f6glicht ein H\u00f6chstma\u00df an Vielseitigkeit, denn die Ganzjahresjacke kann von einer winddichten Konfiguration in eine atmungsaktive und luftdurchl\u00e4ssige Sommerjacke oder in einen Parka und eine Bomberjacke verwandelt werden.<\/p>\n<p class=\"tw-data-text tw-text-large tw-ta\" dir=\"ltr\" style=\"text-align: left\">Die Mootant WP von regular cut besteht aus drei Kleidungsst\u00fccken:<br \/>\n1. Hauptjacke mit Mesh-Konstruktion f\u00fcr bessere Luftzirkulation und Bel\u00fcftung des Oberk\u00f6rpers mit laminierter wasserdichter Konstruktion am Unterk\u00f6rper.<br \/>\n2. laminierter, wasserabweisender Regenmantel mit ma\u00dfgeschneiderter Kapuze, die leicht abgenommen werden kann, mit integriertem Stauraum in einer speziellen R\u00fcckentasche.<br \/>\n3. herausnehmbares Thermofutter mit \u00c4rmeln.<br \/>\nUmgekehrte Schutztaschen mit Rei\u00dfverschluss erm\u00f6glichen einen externen Zugang zu den Ellbogen- und Schulterpolstern.<br \/>\nWinddichtes Kapuzen-Wickel-System mit Kordelzug zur Verringerung von Windst\u00f6\u00dfen, mit Schlaufen-\/Schnallensystem zur Sicherung der Kapuze.<br \/>\n&#8211; Tech-Air\u00ae 3 Ready System.<br \/>\nNucleon Flex Plus CE Level 1 Schulter- und Ellbogenpanzer f\u00fcr hervorragenden Aufprallschutz.<br \/>\nDie sch\u00fctzenden und komfortablen Nucleon Flex Plus Verkleidungen sind \u00e4u\u00dferst flexibel und atmungsaktiv und bieten ein schlankes Profil f\u00fcr optimalen Fahrerkomfort und eine ma\u00dfgeschneiderte Passform.<br \/>\nDas innere Mesh-Komfortfutter der Jacke hat Innentaschen f\u00fcr einen R\u00fcckenprotektor oder einen geteilten Brustprotektor, der als Zubeh\u00f6r erh\u00e4ltlich ist.<\/p>\n<p>Es gelten folgende Normen: Vollst\u00e4ndig CE-zertifizierte Motorradbekleidung, die der CE-Norm entspricht<br \/>\n&#8211; Kategorie II EN17092-4:2020<br \/>\n&#8211; Klasse A.<br \/>\nAufprallschutz Nucleon Flex Plus CE Level 1, Kategorie II gem\u00e4\u00df EN 17092-6:2020<br \/>\n&#8211; Aufprallklasse C. <\/p>\n<p>Zusammensetzung des Rohmaterials<\/p>\n<p>100% Polyester<\/p>\n<\/div>\n<div id=\"z6maec\" class=\"tw-ta-container tw-nfl\"><\/div>\n","protected":false},"excerpt":{"rendered":"<p>Farbe: Schwarz &#8211; Orange<\/p>\n","protected":false},"featured_media":31085,"comment_status":"open","ping_status":"open","template":"","meta":{"_acf_changed":false},"brand":[2111],"gender":[],"product_brand":[],"product_cat":[1357,2045,2048],"product_tag":[],"class_list":{"0":"post-100032","1":"product","2":"type-product","3":"status-publish","4":"has-post-thumbnail","6":"brand-alpinestars-de","7":"product_cat-ausrustung-fur-motorradfahrer","8":"product_cat-jakne-de","9":"product_cat-textil-jacken","10":"pa_size-3xl-de","11":"pa_size-l-de","12":"pa_size-m-de","13":"pa_size-s-de","14":"pa_size-xl-de","15":"pa_size-xxl-de","17":"first","18":"instock","19":"sale","20":"taxable","21":"shipping-taxable","22":"purchasable","23":"product-type-variable"},"acf":[],"_links":{"self":[{"href":"https:\/\/moto-oprema.com\/de\/wp-json\/wp\/v2\/product\/100032","targetHints":{"allow":["GET"]}}],"collection":[{"href":"https:\/\/moto-oprema.com\/de\/wp-json\/wp\/v2\/product"}],"about":[{"href":"https:\/\/moto-oprema.com\/de\/wp-json\/wp\/v2\/types\/product"}],"replies":[{"embeddable":true,"href":"https:\/\/moto-oprema.com\/de\/wp-json\/wp\/v2\/comments?post=100032"}],"wp:featuredmedia":[{"embeddable":true,"href":"https:\/\/moto-oprema.com\/de\/wp-json\/wp\/v2\/media\/31085"}],"wp:attachment":[{"href":"https:\/\/moto-oprema.com\/de\/wp-json\/wp\/v2\/media?parent=100032"}],"wp:term":[{"taxonomy":"brand","embeddable":true,"href":"https:\/\/moto-oprema.com\/de\/wp-json\/wp\/v2\/brand?post=100032"},{"taxonomy":"gender","embeddable":true,"href":"https:\/\/moto-oprema.com\/de\/wp-json\/wp\/v2\/gender?post=100032"},{"taxonomy":"product_brand","embeddable":true,"href":"https:\/\/moto-oprema.com\/de\/wp-json\/wp\/v2\/product_brand?post=100032"},{"taxonomy":"product_cat","embeddable":true,"href":"https:\/\/moto-oprema.com\/de\/wp-json\/wp\/v2\/product_cat?post=100032"},{"taxonomy":"product_tag","embeddable":true,"href":"https:\/\/moto-oprema.com\/de\/wp-json\/wp\/v2\/product_tag?post=100032"}],"curies":[{"name":"wp","href":"https:\/\/api.w.org\/{rel}","templated":true}]}}