{"id":160567,"date":"2024-12-17T18:27:10","date_gmt":"2024-12-17T18:27:10","guid":{"rendered":"https:\/\/moto-oprema.com\/datenschutzrichtlinie-und-schutz-persoenlicher-daten\/"},"modified":"2025-09-01T09:18:25","modified_gmt":"2025-09-01T09:18:25","slug":"datenschutzrichtlinie-und-schutz-persoenlicher-daten","status":"publish","type":"page","link":"https:\/\/moto-oprema.com\/de\/datenschutzrichtlinie-und-schutz-persoenlicher-daten\/","title":{"rendered":"Datenschutzrichtlinie und Schutz pers\u00f6nlicher Daten"},"content":{"rendered":"<p><p><strong>Datenschutz und Schutz pers\u00f6nlicher Daten<\/strong><\/p>\n<p><strong>Verarbeitung von personenbezogenen Daten<\/strong><\/p>\n<p>Wir bei DAMIJAN MIKLAVI\u010c S.P. sind uns der Bedeutung der Sicherheit personenbezogener Daten von Einzelpersonen bewusst und respektieren daher sorgf\u00e4ltig die geltende nationale und europ\u00e4ische Gesetzgebung in diesem Bereich.<br\/>Wir verarbeiten personenbezogene Daten, um die beste Benutzer- und Verbrauchererfahrung in Verbindung mit unseren Produkten und Dienstleistungen zu bieten, und wir gew\u00e4hrleisten auch ein H\u00f6chstma\u00df an Sorgfalt im Bereich der Sicherheit und Diskretion bei der Speicherung und Verarbeitung Ihrer personenbezogenen Daten.<\/p>\n<p>Alle unsere Praktiken im Zusammenhang mit personenbezogenen Daten entsprechen den geltenden Rechtsvorschriften zum Schutz personenbezogener Daten. Wir stellen sicher, dass Ihre personenbezogenen Daten angemessen und mit der gebotenen Sorgfalt gespeichert werden, wir stellen sicher, dass die Zwecke, f\u00fcr die wir Ihre personenbezogenen Daten verarbeiten, angemessen kontrolliert werden, und wir erm\u00f6glichen Ihnen die Aus\u00fcbung aller Rechte, die Sie nach geltendem Recht haben. <\/p>\n<p><strong>Als Einzelperson haben Sie das Recht, Folgendes zu verlangen:<\/strong><br\/>Informationen dar\u00fcber, welche Ihrer personenbezogenen Daten wir verarbeiten und zu welchen Zwecken;<br\/>Berichtigung Ihrer personenbezogenen Daten im Falle von Unvollst\u00e4ndigkeit in unserer Sammlung;<br\/>\u00dcbertragung personenbezogener Daten aus unserer Sammlung an einen anderen Verarbeiter oder Verantwortlichen f\u00fcr personenbezogene Daten;<br\/>Widerspruch, falls die Verarbeitung zu Zwecken des Direktmarketings erfolgt, einschlie\u00dflich der Erstellung von Nutzerprofilen, und wir sind verpflichtet, daf\u00fcr zu sorgen, dass diese Rechte ausge\u00fcbt werden.<br\/>Mehr \u00fcber Ihre Datenschutzrechte erfahren Sie weiter unten.<\/p>\n<p><strong>Rechtliche Gr\u00fcnde f\u00fcr die Verarbeitung<\/strong><br\/>DAMIJAN MIKLAVI\u010c S.P., verarbeitet Ihre personenbezogenen Daten nur, wenn es daf\u00fcr eine rechtliche oder sonstige Grundlage gibt. So verarbeiten wir Daten aus den folgenden Gr\u00fcnden: <\/p>\n<p>Ihre direkte Einwilligung im Rahmen des Kontaktformulars und der Nutzung von Webanalyse;<br\/>Zur Erf\u00fcllung des zwischen uns als Dienstanbieter und Ihnen als Dienstteilnehmer geschlossenen Vertrages;<br\/>Zur Durchf\u00fchrung vorvertraglicher Ma\u00dfnahmen;<br\/>Berechtigtes Interesse, das sich in erster Linie auf die Direktvermarktung unserer Dienste bezieht; und<br\/>Zur Erf\u00fcllung gesetzlicher Verpflichtungen, insbesondere bei Nichteinhaltung vertraglicher Verpflichtungen und entsprechender Sanktionen.<\/p>\n<p><strong>Die Daten, die wir verarbeiten, und unser Zweck<\/strong><br\/>Die Daten, die wir aus dem Kontaktformular und dem Online-Kauf<br\/>erhalten. Die Daten, die wir aus dem Kontaktformular erhalten, sind Ihr Vor- und Nachname, Ihre Telefonnummer, Ihre E-Mail-Adresse und die von Ihnen gew\u00fcnschte(n) Dienstleistung(en). Wir sammeln diese Daten auf sichere Weise. Wir verwenden sie zur Beantwortung Ihrer Anfrage\/zur Erf\u00fcllung unserer Verpflichtungen aus dem Kaufvertrag und der weiteren gesch\u00e4ftlichen Zusammenarbeit. Wir verwenden diese Informationen nicht f\u00fcr Marketingzwecke, es sei denn, Sie stimmen dem ausdr\u00fccklich zu.   <\/p>\n<p><strong>Durch den Vertrag erhaltene Informationen<\/strong><br\/>Bei den durch den Vertrag erhaltenen Informationen handelt es sich um den Namen des Unternehmens, die Adresse, die Steuer- und Registrierungsnummer sowie den Vor- und Nachnamen und die E-Mail-Adresse der Kontaktperson. Wir ben\u00f6tigen diese Informationen f\u00fcr den reibungslosen Ablauf unserer Arbeit, f\u00fcr die Rechnungsstellung und, zu einem sp\u00e4teren Zeitpunkt, f\u00fcr eine eventuelle R\u00fcckforderung. <\/p>\n<p><strong>Aus \u00f6ffentlichen Aufzeichnungen gewonnene Informationen<\/strong><br\/>Die aus \u00f6ffentlichen Aufzeichnungen gewonnenen Informationen sind der Name des Unternehmens, seine Adresse und seine Steuernummer. Wir ben\u00f6tigen sie, um eine Rechnung auszustellen. Es ist nicht unsere Gesch\u00e4ftspraxis, Daten aus Datenbanken f\u00fcr Marketingzwecke zu sammeln.  <\/p>\n<p>Wir verarbeiten Daten nat\u00fcrlicher Personen auf Anfrage und im Rahmen eines Vertrags mit unseren Abonnenten. Es obliegt dem Abonnenten, sicherzustellen, dass die Daten auf rechtm\u00e4\u00dfige Weise erhoben werden. Wir holen alle notwendigen Informationen ein, um sicherzustellen, dass die Daten tats\u00e4chlich auf rechtm\u00e4\u00dfige Weise erhoben worden sind.  <\/p>\n<p>Zum Zwecke der Vermarktung unserer Dienstleistungen werben wir auf verschiedenen Plattformen (Google Adwords, Facebook Ads Manager) mit Daten, die wir \u00fcber Werbetools erhalten. Diese Tools verschaffen uns keinen Zugang zu spezifischen personenbezogenen Daten, sondern erm\u00f6glichen es uns, auf der Grundlage dieser anonymisierten Daten ein Profil der Besucher unserer Website zu erstellen. Wir tun dies, um sicherzustellen, dass unser Marketing auf diejenigen ausgerichtet ist, die an unseren Werbedienstleistungen interessiert sind, und dass sie Werbung erhalten, die f\u00fcr sie relevant ist.  <\/p>\n<p>Verarbeitung personenbezogener Daten beim Besuch von <a href=\"https:\/\/www.moto-oprema.com\/\">www.moto-oprema.com<\/a><\/p>\n<p>Wir verwenden Google Analytics, ein fortschrittliches Webanalyseprogramm, um Ihnen das beste Nutzererlebnis auf unserer Website zu bieten. Damit soll sichergestellt werden, dass die Website f\u00fcr Sie als Nutzer reibungslos funktioniert und zum Nutzen aller unserer Besucher optimiert ist.<br\/>Als Nutzer unserer Website haben Sie das Recht, der Verarbeitung dieser Daten zu widersprechen, sobald Sie die Startseite besuchen. Sie k\u00f6nnen diese Verarbeitung verhindern, indem Sie beim Besuch der Website die entsprechenden Cookie-Einstellungen vornehmen oder indem Sie die entsprechenden Cookie-Einstellungen in dem von Ihnen verwendeten Webbrowser vornehmen.  <\/p>\n<p>Wenn Sie der Verwendung von Webanalysen zustimmen m\u00f6chten, k\u00f6nnen Sie dies auf die gleiche Weise tun, wie Sie sich abgemeldet oder angemeldet haben. Sie k\u00f6nnen dies auf der Startseite der Website \u00e4ndern. <\/p>\n<p>Wenn Sie der Verarbeitung Ihrer Daten zustimmen (Sie akzeptieren Cookies auf der Website), erhalten wir Ihre anonymisierte IP-Adresse. Das bedeutet, dass alle Ihre pers\u00f6nlichen Daten verschl\u00fcsselt werden und f\u00fcr uns nicht zug\u00e4nglich sind. <\/p>\n<p>Rechte von Personen, deren personenbezogene Daten verarbeitet werden<br\/>Personen, deren personenbezogene Daten verarbeitet werden, haben das Recht, von DAMIJAN MIKLAVI\u010c S.P. zu verlangen:<\/p>\n<p>Zugang zu personenbezogenen Daten,<br\/>Berichtigung personenbezogener Daten,<br\/>L\u00f6schung personenbezogener Daten aus der Datei mit personenbezogenen Daten und<br\/>Einschr\u00e4nkung der Verarbeitung Ihrer personenbezogenen Daten.<br\/>Als Einzelperson haben Sie auch das Recht, der Verarbeitung zu widersprechen und das Recht auf \u00dcbertragbarkeit Ihrer personenbezogenen Daten.<\/p>\n<p>Sie k\u00f6nnen Ihre Rechte aus\u00fcben, indem Sie eine schriftliche Anfrage per E-Mail an <a href=\"mailto:info@moto-oprema.com\">info@moto-oprema.com stellen.<\/a><\/p>\n<p>Wir werden innerhalb eines Monats nach Erhalt Ihrer Anfrage \u00fcber diese entscheiden. Wir k\u00f6nnen diese Frist um bis zu zwei weitere Monate verl\u00e4ngern, wenn es sich um eine komplexe Angelegenheit oder eine gro\u00dfe Anzahl von Anfragen handelt, und Sie werden dar\u00fcber informiert. <\/p>\n<p><strong>Zugriff auf oder Informationen \u00fcber die Verarbeitung Ihrer personenbezogenen Daten<\/strong><br\/>Sie haben immer das Recht zu erfahren, ob personenbezogene Daten in Bezug auf Sie verarbeitet werden. Wenn dies der Fall ist, gew\u00e4hren wir Ihnen Zugang zu Ihren personenbezogenen Daten und den folgenden Informationen: <\/p>\n<p>den\/die Zweck(e) der Verarbeitung;<br\/>die Art der personenbezogenen Daten;<br\/>die Nutzer, an die die personenbezogenen Daten weitergegeben wurden oder werden;<br\/>die vorgesehene Dauer der Aufbewahrung der personenbezogenen Daten oder, falls dies nicht m\u00f6glich ist, die Kriterien f\u00fcr die Festlegung dieser Dauer;<br\/>f\u00fcr den Fall, dass die personenbezogenen Daten nicht bei Ihnen erhoben wurden, alle verf\u00fcgbaren Informationen \u00fcber ihre Quelle.<\/p>\n<p>Die Auskunft \u00fcber die Verarbeitung personenbezogener Daten ist kostenlos, es sei denn, die Antr\u00e4ge der betroffenen Person sind offensichtlich unbegr\u00fcndet oder \u00fcberzogen, insbesondere weil sie sich wiederholen. In einem solchen Fall kann der f\u00fcr die Verarbeitung Verantwortliche: a) eine angemessene Geb\u00fchr unter Ber\u00fccksichtigung der Verwaltungskosten f\u00fcr die Bereitstellung der Informationen oder der Mitteilung oder f\u00fcr die Durchf\u00fchrung der beantragten Ma\u00dfnahme verlangen oder die Bearbeitung des Antrags ablehnen. <\/p>\n<p><strong>Recht auf Berichtigung<\/strong><br\/>Als nat\u00fcrliche Person haben Sie nach dem Gesetz das Recht, unrichtige personenbezogene Daten, die Sie betreffen, berichtigen zu lassen und unter Ber\u00fccksichtigung der Zwecke der Verarbeitung unvollst\u00e4ndige personenbezogene Daten vervollst\u00e4ndigen zu lassen.<\/p>\n<p><strong>Recht auf L\u00f6schung<\/strong><br\/>Sie haben das Recht, Ihre personenbezogenen Daten l\u00f6schen zu lassen, wenn einer der folgenden Punkte zutrifft:<\/p>\n<p>die personenbezogenen Daten f\u00fcr die Zwecke, f\u00fcr die sie erhoben oder anderweitig verarbeitet wurden, nicht mehr erforderlich sind;<br\/>wenn Sie die Einwilligung, auf deren Grundlage die Verarbeitung erfolgt, widerrufen und es keine andere Rechtsgrundlage f\u00fcr die Verarbeitung gibt;<br\/>wenn Sie der Verarbeitung widersprechen und es keine vorrangigen berechtigten Gr\u00fcnde f\u00fcr die Verarbeitung gibt;<br\/>die personenbezogenen Daten unrechtm\u00e4\u00dfig verarbeitet wurden.<\/p>\n<p><strong>Recht auf Einschr\u00e4nkung der Verarbeitung<\/strong><br\/>Sie haben das Recht, dass wir die Verarbeitung Ihrer personenbezogenen Daten einschr\u00e4nken, wenn einer der folgenden Punkte zutrifft:<\/p>\n<p>wenn Sie die Richtigkeit der Daten w\u00e4hrend eines Zeitraums bestreiten, der es uns erm\u00f6glicht, die Richtigkeit der personenbezogenen Daten zu \u00fcberpr\u00fcfen;<br\/>wenn die Verarbeitung unrechtm\u00e4\u00dfig ist und Sie gegen die L\u00f6schung der personenbezogenen Daten Einspruch erheben und stattdessen die Einschr\u00e4nkung ihrer Verwendung verlangen;<br\/>wenn wir Ihre personenbezogenen Daten f\u00fcr die Zwecke der Verarbeitung nicht mehr ben\u00f6tigen, Sie sie aber zur Geltendmachung, Aus\u00fcbung oder Verteidigung von Rechtsanspr\u00fcchen ben\u00f6tigen;<br\/>wenn Sie gegen die Verarbeitung auf der Grundlage unserer berechtigten Interessen Einspruch erhoben haben, bis \u00fcberpr\u00fcft wurde, dass unsere berechtigten Gr\u00fcnde Ihre Gr\u00fcnde \u00fcberwiegen.<\/p>\n<p>Wenn die Verarbeitung personenbezogener Daten eingeschr\u00e4nkt wurde, d\u00fcrfen diese nur mit Ihrer Zustimmung verarbeitet werden, mit Ausnahme der Speicherung oder zur Begr\u00fcndung, Aus\u00fcbung oder Verteidigung von Rechtsanspr\u00fcchen oder zum Schutz der Rechte einer anderen nat\u00fcrlichen oder juristischen Person.<br\/>Wir sind verpflichtet, Sie zu informieren, bevor wir die Einschr\u00e4nkung der Verarbeitung Ihrer personenbezogenen Daten aufheben.<\/p>\n<p><strong>Recht auf Daten\u00fcbertragbarkeit<\/strong><br\/>Sie haben das Recht, Ihre personenbezogenen Daten, die Sie uns zur Verf\u00fcgung gestellt haben, in einem strukturierten, g\u00e4ngigen und maschinenlesbaren Format zu erhalten, sowie das Recht, diese Daten an einen anderen Verantwortlichen zu \u00fcbermitteln, wenn die Verarbeitung auf Ihrer Einwilligung beruht oder mit automatisierten Mitteln durchgef\u00fchrt wird. Auf Ihren Wunsch hin k\u00f6nnen personenbezogene Daten, sofern technisch m\u00f6glich, direkt an einen anderen Verantwortlichen \u00fcbermittelt werden. <\/p>\n<p><strong>Widerspruchsrecht<\/strong><br\/>Wenn wir Ihre Daten auf der Grundlage eines berechtigten Interesses f\u00fcr Marketingzwecke, einschlie\u00dflich Profiling, verarbeiten, k\u00f6nnen Sie jederzeit Widerspruch gegen diese Verarbeitung einlegen.<br\/>Recht auf Beschwerde beim Information Commissioner<br\/>Wenn wir nicht innerhalb der gesetzlichen Frist \u00fcber Ihre Anfrage entscheiden oder wenn wir Ihre Anfrage ablehnen, haben Sie das Recht, eine Beschwerde beim Information Commissioner einzureichen.<\/p>\n<p><strong>AUFBEWAHRUNGSDAUER PERSONENBEZOGENER DATEN<\/strong><br\/>Wir bewahren Daten nur so lange auf, wie es zur Erf\u00fcllung des Zwecks, f\u00fcr den sie erhoben oder weiterverarbeitet wurden, erforderlich ist, oder bis zum Ablauf der Verj\u00e4hrungsfristen f\u00fcr die Erf\u00fcllung der Verpflichtung oder der gesetzlichen Aufbewahrungsfrist.<br\/>Wir bewahren Daten von Abonnenten oder Kunden, deren Verarbeitung auf einem Gesetz beruht, nach Beendigung des Dienstverh\u00e4ltnisses bis zur vollst\u00e4ndigen Bezahlung der Dienste auf, jedoch nicht l\u00e4nger als bis zum Ablauf der Verj\u00e4hrungsfrist f\u00fcr unsere Anspr\u00fcche aus der Erbringung der Dienste oder der Erf\u00fcllung des Vertrags, es sei denn, eine l\u00e4ngere Aufbewahrungsfrist ist gesetzlich vorgesehen.<br\/>Andere Daten, die wir auf der Grundlage Ihrer Einwilligung erhalten, werden f\u00fcr die Dauer der Zusammenarbeit und f\u00fcr 2 Jahre nach Beendigung aufbewahrt, es sei denn, das Gesetz sieht eine l\u00e4ngere Aufbewahrungsfrist vor. Wenn der Kunde, der seine Zustimmung zur Verarbeitung personenbezogener Daten gegeben hat, keine Gesch\u00e4ftsbeziehung mit uns eingegangen ist, gilt seine Zustimmung f\u00fcr 2 Jahre ab dem Datum, an dem sie gegeben wurde. Als Steuerpflichtiger nach dem Umsatzsteuergesetz sind wir verpflichtet, Rechnungen 10 Jahre nach Ablauf des Jahres, auf das sich die Rechnungen beziehen, aufzubewahren.<br\/>Nach Ablauf der Aufbewahrungsfrist werden die Daten gel\u00f6scht, vernichtet, gesperrt oder anonymisiert, es sei denn, das Gesetz sieht f\u00fcr eine bestimmte Art von Daten etwas anderes vor.  <\/p>\n<p><strong>Daten \u00fcber den f\u00fcr die Verarbeitung Verantwortlichen<\/strong><br\/>Ihre pers\u00f6nlichen Daten werden von DAMIJAN MIKLAVI\u010c S.P., mit Sitz in DOLGA ULICA 93 , 9000 MURSKA SOBOTA, Registrierungsnummer: 3067483000, gesammelt und verarbeitet. Der vom Inhaber der Datenverarbeitung benannte Datenschutzbeauftragte ist per E-Mail erreichbar: <a href=\"mailto:info@moto-oprema.com\">info@moto-oprema.com.<\/a> <\/p>\n<p><\/p><p><strong>Endg\u00fcltige Entscheidungen<\/strong><br\/>Wenn diese Bedingungen f\u00fcr die Verarbeitung personenbezogener Daten bestimmte Bereiche nicht regeln, gilt stattdessen das geltende Recht.<br\/>Wir behalten uns das Recht vor, diese Bedingungen f\u00fcr die Verarbeitung zu \u00e4ndern. Wir werden Sie \u00fcber die \u00c4nderung informieren, indem wir sie auf der offiziellen Website oder durch andere geeignete Mittel ver\u00f6ffentlichen. Die \u00c4nderung wird bis einen Monat vor ihrem Inkrafttreten auf der offiziellen Website ver\u00f6ffentlicht.  <\/p>\n<p>Die vorliegenden Bearbeitungsbedingungen sind g\u00fcltig und anwendbar ab 01.03.2025.<\/p>\n<p><\/p><\/p><p><\/p>","protected":false},"excerpt":{"rendered":"<p>Datenschutz und Schutz pers\u00f6nlicher Daten Verarbeitung von personenbezogenen Daten Wir bei DAMIJAN MIKLAVI\u010c S.P. sind uns&#8230;<\/p>\n","protected":false},"author":1,"featured_media":0,"parent":0,"menu_order":0,"comment_status":"closed","ping_status":"closed","template":"","meta":{"_acf_changed":false,"footnotes":""},"class_list":["post-160567","page","type-page","status-publish","hentry"],"acf":[],"_links":{"self":[{"href":"https:\/\/moto-oprema.com\/de\/wp-json\/wp\/v2\/pages\/160567","targetHints":{"allow":["GET"]}}],"collection":[{"href":"https:\/\/moto-oprema.com\/de\/wp-json\/wp\/v2\/pages"}],"about":[{"href":"https:\/\/moto-oprema.com\/de\/wp-json\/wp\/v2\/types\/page"}],"author":[{"embeddable":true,"href":"https:\/\/moto-oprema.com\/de\/wp-json\/wp\/v2\/users\/1"}],"replies":[{"embeddable":true,"href":"https:\/\/moto-oprema.com\/de\/wp-json\/wp\/v2\/comments?post=160567"}],"version-history":[{"count":1,"href":"https:\/\/moto-oprema.com\/de\/wp-json\/wp\/v2\/pages\/160567\/revisions"}],"predecessor-version":[{"id":160568,"href":"https:\/\/moto-oprema.com\/de\/wp-json\/wp\/v2\/pages\/160567\/revisions\/160568"}],"wp:attachment":[{"href":"https:\/\/moto-oprema.com\/de\/wp-json\/wp\/v2\/media?parent=160567"}],"curies":[{"name":"wp","href":"https:\/\/api.w.org\/{rel}","templated":true}]}}