{"id":160555,"date":"2025-09-01T09:05:20","date_gmt":"2025-09-01T09:05:20","guid":{"rendered":"https:\/\/moto-oprema.com\/ruecktritt-vom-kauf\/"},"modified":"2025-09-01T09:09:59","modified_gmt":"2025-09-01T09:09:59","slug":"ruecktritt-vom-kauf","status":"publish","type":"page","link":"https:\/\/moto-oprema.com\/de\/ruecktritt-vom-kauf\/","title":{"rendered":"R\u00fccktritt vom Kauf"},"content":{"rendered":"<p>Der K\u00e4ufer hat 14 Tage ab Erhalt der Sendung Zeit, seine Bestellung ohne Angabe von Gr\u00fcnden zu stornieren. Um Ihre Bestellung zu stornieren, f\u00fcllen Sie bitte das Formular aus und senden Sie es zusammen mit dem zur\u00fcckgesandten Produkt oder einem Scan per E-Mail an uns. Sie m\u00fcssen die Ware sp\u00e4testens 14 Tage nach dem Tag, an dem Sie uns \u00fcber Ihren Widerruf informieren, an uns zur\u00fccksenden.    <\/p><p>Im Falle eines R\u00fccktritts vom Vertrag tr\u00e4gt der K\u00e4ufer alle Kosten f\u00fcr die R\u00fccksendung der Ware. Kunden werden gebeten, die Ware zur\u00fcckzusenden an: <br\/>Damijan Miklavi\u010d s.p., Moto-equipment shop, Nor\u0161inska ulica 2, 9000 Murska Sobota. <\/p><p>Erstattungen im Falle eines R\u00fccktritts vom Vertrag erfolgen immer an die TRR des K\u00e4ufers. Wir erstatten den Kaufpreis innerhalb von 14 Tagen nach Erhalt der R\u00fccktrittserkl\u00e4rung. Wir k\u00f6nnen die Erstattungsfrist verl\u00e4ngern, wenn wir die Waren noch nicht erhalten haben. Sie m\u00fcssen die Waren in der Originalverpackung und mit allen Siegeln an uns zur\u00fccksenden, so wie Sie sie erhalten haben. Wir akzeptieren keine Umtauschpakete.    <\/p><p><a href=\"https:\/\/moto-oprema.com\/wp-content\/uploads\/2025\/01\/moto-oprema-obrazec-odstop.pdf\">Laden Sie das Widerrufsformular hier herunter.<\/a><\/p><p><\/p>","protected":false},"excerpt":{"rendered":"<p>Der K\u00e4ufer hat 14 Tage ab Erhalt der Sendung Zeit, seine Bestellung ohne Angabe von Gr\u00fcnden&#8230;<\/p>\n","protected":false},"author":2,"featured_media":0,"parent":0,"menu_order":0,"comment_status":"closed","ping_status":"closed","template":"","meta":{"_acf_changed":false,"footnotes":""},"class_list":["post-160555","page","type-page","status-publish","hentry"],"acf":[],"_links":{"self":[{"href":"https:\/\/moto-oprema.com\/de\/wp-json\/wp\/v2\/pages\/160555","targetHints":{"allow":["GET"]}}],"collection":[{"href":"https:\/\/moto-oprema.com\/de\/wp-json\/wp\/v2\/pages"}],"about":[{"href":"https:\/\/moto-oprema.com\/de\/wp-json\/wp\/v2\/types\/page"}],"author":[{"embeddable":true,"href":"https:\/\/moto-oprema.com\/de\/wp-json\/wp\/v2\/users\/2"}],"replies":[{"embeddable":true,"href":"https:\/\/moto-oprema.com\/de\/wp-json\/wp\/v2\/comments?post=160555"}],"version-history":[{"count":1,"href":"https:\/\/moto-oprema.com\/de\/wp-json\/wp\/v2\/pages\/160555\/revisions"}],"predecessor-version":[{"id":160556,"href":"https:\/\/moto-oprema.com\/de\/wp-json\/wp\/v2\/pages\/160555\/revisions\/160556"}],"wp:attachment":[{"href":"https:\/\/moto-oprema.com\/de\/wp-json\/wp\/v2\/media?parent=160555"}],"curies":[{"name":"wp","href":"https:\/\/api.w.org\/{rel}","templated":true}]}}